{"id":1006,"date":"2019-05-13T20:23:32","date_gmt":"2019-05-13T20:23:32","guid":{"rendered":"http:\/\/ahfnoticias.com\/?page_id=1006"},"modified":"2021-06-29T19:14:43","modified_gmt":"2021-06-29T19:14:43","slug":"publicaciones","status":"publish","type":"page","link":"https:\/\/ahfnoticias.com\/?page_id=1006","title":{"rendered":"Libros"},"content":{"rendered":"<h3 style=\"text-align: center\"><strong><span style=\"color: #800000\">LOS PRESIDENTES, GOBERNANTES Y<br \/>\n<\/span><\/strong><strong><span style=\"color: #800000\">MANDAMASES DE COLOMBIA<\/span><\/strong><\/h3>\n<p>&nbsp;<\/p>\n<p style=\"text-align: center\"><img loading=\"lazy\" decoding=\"async\" class=\"aligncenter wp-image-1205\" src=\"https:\/\/ahfnoticias.com\/wp-content\/uploads\/2020\/12\/smartmockups_kilq29zq.png\" alt=\"\" width=\"484\" height=\"489\" srcset=\"https:\/\/ahfnoticias.com\/wp-content\/uploads\/2020\/12\/smartmockups_kilq29zq.png 871w, https:\/\/ahfnoticias.com\/wp-content\/uploads\/2020\/12\/smartmockups_kilq29zq-297x300.png 297w, https:\/\/ahfnoticias.com\/wp-content\/uploads\/2020\/12\/smartmockups_kilq29zq-768x776.png 768w, https:\/\/ahfnoticias.com\/wp-content\/uploads\/2020\/12\/smartmockups_kilq29zq-600x606.png 600w\" sizes=\"auto, (max-width: 484px) 100vw, 484px\" \/><\/p>\n<p style=\"text-align: center\"><strong>\u00abCuriosidades, intimidades y an\u00e9cdotas desde<br \/>\nlos caciques y Bol\u00edvar hasta Uribe, Santos y Duque\u00bb<\/strong><\/p>\n<h4 style=\"text-align: center\"><strong>\u00a1El primer inventario, actualizado, de los gobernantes del pa\u00eds!<\/strong><\/h4>\n<p style=\"text-align: center\">Si usted quiere saber, recordar o repasar an\u00e9cdotas, curiosidades y hasta intimidades de los gobernantes de Colombia a lo largo de los \u00faltimos 568 a\u00f1os de la vida nacional, y los or\u00edgenes y recorrido del poder ejecutivo, pues no se puede perder el libro <em>Los Presidentes, Gobernantes y Mandamases de Colombia<\/em>, escrito por el periodista <strong>Am\u00edlkar Hern\u00e1ndez.<\/strong><\/p>\n<p style=\"text-align: center\">Se trata de una obra informativa, pedag\u00f3gica y period\u00edstica, que recrea con datos, cifras y hechos los 193 mandatarios del pa\u00eds. Los temas van desde los ind\u00edgenas y espa\u00f1oles, hasta los r\u00e9cords de \u00c1lvaro Uribe, los comentarios sobre Juan Manuel, el sobrino nieto de Eduardo Santos y, claro, las novedades que trajo Iv\u00e1n Duque.<\/p>\n<h5 style=\"text-align: center\"><strong>Estos son algunos de los temas que se divulgan en la publicaci\u00f3n:<\/strong><\/h5>\n<ul>\n<li>Los tres vicepresidentes del Nobel Santos y la primera vice.<\/li>\n<li>Duque y la reconquista del poder<\/li>\n<li>Los l\u00edos y los r\u00e9cords de Uribe<\/li>\n<li>Los colombianos prefieren presidentes blancos, ricos y de ojos claros<\/li>\n<li>Mosquera, el pentagobernante, entren\u00f3 el transfuguismo o \u2018voltearepismo\u2019<\/li>\n<li>\u2018Palomas\u2019 presidenciales con pensi\u00f3n vitalicia<\/li>\n<li>Los \u2018gorilas\u2019 de Guillermo Le\u00f3n<\/li>\n<li>El sanedr\u00edn de Barco y el k\u00ednder de Gaviria<\/li>\n<li>Los 10.000 d\u00f3lares prestados que tumbaron a Marco Fidel Su\u00e1rez<\/li>\n<li>Los 15.000 d\u00f3lares de pensi\u00f3n anticipada que pidi\u00f3 Rojas<\/li>\n<li>El \u2018parrandeadero\u2019 de los expresidentes en el barrio San Crist\u00f3bal.<\/li>\n<li>Los tres delfines que han ocupado el solio de Bol\u00edvar<\/li>\n<li>A Jos\u00e9 Nieto Gil, presidente Negro en 1861, le blanquearon una foto<\/li>\n<li>Un d\u00eda con tres presidentes.<\/li>\n<li>El \u2018Remache\u2019 y la tenaza.<\/li>\n<\/ul>\n<h4><\/h4>\n<h4><\/h4>\n<h4 style=\"text-align: center\">Adqui\u00e9relo por <span style=\"color: #ff0000\">$28.000<\/span> COP \/ 9 USD<br \/>\n<span style=\"color: #ff0000\">\u00a1Solo por Hoy!<\/span><br \/>\n<strong>Puedes adquirirlo haciendo clic en el bot\u00f3n<\/strong><\/h4>\n<p style=\"text-align: center\"><a href=\"https:\/\/biz.payulatam.com\/B0c1737F4B2B10D\"><br \/>\n<\/a><a href=\"https:\/\/biz.payulatam.com\/L0c17371D6F08A6\" target=\"_blank\" rel=\"noopener\"><img loading=\"lazy\" decoding=\"async\" class=\"aligncenter\" src=\"http:\/\/www.payulatam.com\/img-secure-2015\/boton_pagar_grande.png\" alt=\"\" width=\"261\" height=\"66\" \/><\/a><\/p>\n<p style=\"text-align: center\"><img loading=\"lazy\" decoding=\"async\" class=\"aligncenter wp-image-1215\" src=\"https:\/\/ahfnoticias.com\/wp-content\/uploads\/2020\/12\/Pagos-Payu-Traductores-Oficiales-Colombia.png\" alt=\"\" width=\"553\" height=\"93\" srcset=\"https:\/\/ahfnoticias.com\/wp-content\/uploads\/2020\/12\/Pagos-Payu-Traductores-Oficiales-Colombia.png 1485w, https:\/\/ahfnoticias.com\/wp-content\/uploads\/2020\/12\/Pagos-Payu-Traductores-Oficiales-Colombia-300x51.png 300w, https:\/\/ahfnoticias.com\/wp-content\/uploads\/2020\/12\/Pagos-Payu-Traductores-Oficiales-Colombia-768x129.png 768w, https:\/\/ahfnoticias.com\/wp-content\/uploads\/2020\/12\/Pagos-Payu-Traductores-Oficiales-Colombia-1024x172.png 1024w, https:\/\/ahfnoticias.com\/wp-content\/uploads\/2020\/12\/Pagos-Payu-Traductores-Oficiales-Colombia-600x101.png 600w\" sizes=\"auto, (max-width: 553px) 100vw, 553px\" \/><\/p>\n<p style=\"text-align: center\"><strong>\u00d3 si lo prefieres, llena el siguiente formulario<br \/>\ny nos comunicaremos contigo.<\/strong><\/p>\n<p>&nbsp;<\/p>\n\n<div class=\"wpcf7 no-js\" id=\"wpcf7-f1017-o1\" lang=\"es-ES\" dir=\"ltr\" data-wpcf7-id=\"1017\">\n<div class=\"screen-reader-response\"><p role=\"status\" aria-live=\"polite\" aria-atomic=\"true\"><\/p> <ul><\/ul><\/div>\n<form action=\"\/index.php?rest_route=%2Fwp%2Fv2%2Fpages%2F1006#wpcf7-f1017-o1\" method=\"post\" class=\"wpcf7-form init\" aria-label=\"Formulario de contacto\" novalidate=\"novalidate\" data-status=\"init\">\n<fieldset class=\"hidden-fields-container\"><input type=\"hidden\" name=\"_wpcf7\" value=\"1017\" \/><input type=\"hidden\" name=\"_wpcf7_version\" value=\"6.1.5\" \/><input type=\"hidden\" name=\"_wpcf7_locale\" value=\"es_ES\" \/><input type=\"hidden\" name=\"_wpcf7_unit_tag\" value=\"wpcf7-f1017-o1\" \/><input type=\"hidden\" name=\"_wpcf7_container_post\" value=\"0\" \/><input type=\"hidden\" name=\"_wpcf7_posted_data_hash\" value=\"\" \/>\n<\/fieldset>\n<p>Nombre completo (requerido)\n<\/p>\n<p><span class=\"wpcf7-form-control-wrap\" data-name=\"your-name\"><input size=\"40\" maxlength=\"400\" class=\"wpcf7-form-control wpcf7-text wpcf7-validates-as-required\" aria-required=\"true\" aria-invalid=\"false\" value=\"\" type=\"text\" name=\"your-name\" \/><\/span>\n<\/p>\n<p>Correo electr\u00f3nico (requerido)\n<\/p>\n<p><span class=\"wpcf7-form-control-wrap\" data-name=\"your-email\"><input size=\"40\" maxlength=\"400\" class=\"wpcf7-form-control wpcf7-email wpcf7-validates-as-required wpcf7-text wpcf7-validates-as-email\" aria-required=\"true\" aria-invalid=\"false\" value=\"\" type=\"email\" name=\"your-email\" \/><\/span>\n<\/p>\n<p>Tel\u00e9fono (requerido)\n<\/p>\n<p><span class=\"wpcf7-form-control-wrap\" data-name=\"your-subject\"><input size=\"40\" maxlength=\"400\" class=\"wpcf7-form-control wpcf7-text\" aria-invalid=\"false\" value=\"\" type=\"text\" name=\"your-subject\" \/><\/span>\n<\/p>\n<p>Direcci\u00f3n (requerido)\n<\/p>\n<p><span class=\"wpcf7-form-control-wrap\" data-name=\"your-subject\"><input size=\"40\" maxlength=\"400\" class=\"wpcf7-form-control wpcf7-text\" aria-invalid=\"false\" value=\"\" type=\"text\" name=\"your-subject\" \/><\/span>\n<\/p>\n<p>Mensaje\n<\/p>\n<p><span class=\"wpcf7-form-control-wrap\" data-name=\"your-message\"><textarea cols=\"40\" rows=\"10\" maxlength=\"2000\" class=\"wpcf7-form-control wpcf7-textarea\" aria-invalid=\"false\" name=\"your-message\"><\/textarea><\/span>\n<\/p>\n<p><input class=\"wpcf7-form-control wpcf7-submit has-spinner\" type=\"submit\" value=\"Enviar\" \/>\n<\/p><div class=\"wpcf7-response-output\" aria-hidden=\"true\"><\/div>\n<\/form>\n<\/div>\n\n","protected":false},"excerpt":{"rendered":"<p>LOS PRESIDENTES, GOBERNANTES Y MANDAMASES DE COLOMBIA &nbsp; \u00abCuriosidades, intimidades y an\u00e9cdotas desde los caciques y Bol\u00edvar hasta Uribe, Santos y Duque\u00bb \u00a1El primer inventario, actualizado, de los gobernantes del pa\u00eds! Si usted quiere saber, recordar o repasar an\u00e9cdotas, curiosidades y hasta intimidades de los gobernantes de Colombia a lo largo de los \u00faltimos 568 [&hellip;]<\/p>\n","protected":false},"author":1,"featured_media":0,"parent":0,"menu_order":0,"comment_status":"closed","ping_status":"closed","template":"","meta":{"footnotes":""},"class_list":["post-1006","page","type-page","status-publish","hentry"],"yoast_head":"<!-- This site is optimized with the Yoast SEO plugin v27.1.1 - https:\/\/yoast.com\/product\/yoast-seo-wordpress\/ -->\n<title>Libros - AHF Noticias<\/title>\n<meta name=\"robots\" content=\"noindex, follow, max-snippet:-1, max-image-preview:large, max-video-preview:-1\" \/>\n<meta property=\"og:locale\" content=\"es_ES\" \/>\n<meta property=\"og:type\" content=\"article\" \/>\n<meta property=\"og:title\" content=\"Libros - AHF Noticias\" \/>\n<meta property=\"og:description\" content=\"LOS PRESIDENTES, GOBERNANTES Y MANDAMASES DE COLOMBIA &nbsp; \u00abCuriosidades, intimidades y an\u00e9cdotas desde los caciques y Bol\u00edvar hasta Uribe, Santos y Duque\u00bb \u00a1El primer inventario, actualizado, de los gobernantes del pa\u00eds! Si usted quiere saber, recordar o repasar an\u00e9cdotas, curiosidades y hasta intimidades de los gobernantes de Colombia a lo largo de los \u00faltimos 568 [&hellip;]\" \/>\n<meta property=\"og:url\" content=\"https:\/\/ahfnoticias.com\/?page_id=1006\" \/>\n<meta property=\"og:site_name\" content=\"AHF Noticias\" \/>\n<meta property=\"article:modified_time\" content=\"2021-06-29T19:14:43+00:00\" \/>\n<meta property=\"og:image\" content=\"https:\/\/ahfnoticias.com\/wp-content\/uploads\/2020\/12\/smartmockups_kilq29zq.png\" \/>\n<meta name=\"twitter:card\" content=\"summary_large_image\" \/>\n<meta name=\"twitter:label1\" content=\"Tiempo de lectura\" \/>\n\t<meta name=\"twitter:data1\" content=\"2 minutos\" \/>\n<script type=\"application\/ld+json\" class=\"yoast-schema-graph\">{\"@context\":\"https:\/\/schema.org\",\"@graph\":[{\"@type\":\"WebPage\",\"@id\":\"https:\/\/ahfnoticias.com\/?page_id=1006\",\"url\":\"https:\/\/ahfnoticias.com\/?page_id=1006\",\"name\":\"Libros - AHF Noticias\",\"isPartOf\":{\"@id\":\"https:\/\/ahfnoticias.com\/#website\"},\"primaryImageOfPage\":{\"@id\":\"https:\/\/ahfnoticias.com\/?page_id=1006#primaryimage\"},\"image\":{\"@id\":\"https:\/\/ahfnoticias.com\/?page_id=1006#primaryimage\"},\"thumbnailUrl\":\"https:\/\/ahfnoticias.com\/wp-content\/uploads\/2020\/12\/smartmockups_kilq29zq.png\",\"datePublished\":\"2019-05-13T20:23:32+00:00\",\"dateModified\":\"2021-06-29T19:14:43+00:00\",\"breadcrumb\":{\"@id\":\"https:\/\/ahfnoticias.com\/?page_id=1006#breadcrumb\"},\"inLanguage\":\"es\",\"potentialAction\":[{\"@type\":\"ReadAction\",\"target\":[\"https:\/\/ahfnoticias.com\/?page_id=1006\"]}]},{\"@type\":\"ImageObject\",\"inLanguage\":\"es\",\"@id\":\"https:\/\/ahfnoticias.com\/?page_id=1006#primaryimage\",\"url\":\"https:\/\/ahfnoticias.com\/wp-content\/uploads\/2020\/12\/smartmockups_kilq29zq.png\",\"contentUrl\":\"https:\/\/ahfnoticias.com\/wp-content\/uploads\/2020\/12\/smartmockups_kilq29zq.png\",\"width\":871,\"height\":880},{\"@type\":\"BreadcrumbList\",\"@id\":\"https:\/\/ahfnoticias.com\/?page_id=1006#breadcrumb\",\"itemListElement\":[{\"@type\":\"ListItem\",\"position\":1,\"name\":\"Portada\",\"item\":\"https:\/\/ahfnoticias.com\/\"},{\"@type\":\"ListItem\",\"position\":2,\"name\":\"Libros\"}]},{\"@type\":\"WebSite\",\"@id\":\"https:\/\/ahfnoticias.com\/#website\",\"url\":\"https:\/\/ahfnoticias.com\/\",\"name\":\"AHF Noticias\",\"description\":\"\",\"potentialAction\":[{\"@type\":\"SearchAction\",\"target\":{\"@type\":\"EntryPoint\",\"urlTemplate\":\"https:\/\/ahfnoticias.com\/?s={search_term_string}\"},\"query-input\":{\"@type\":\"PropertyValueSpecification\",\"valueRequired\":true,\"valueName\":\"search_term_string\"}}],\"inLanguage\":\"es\"}]}<\/script>\n<!-- \/ Yoast SEO plugin. -->","yoast_head_json":{"title":"Libros - AHF Noticias","robots":{"index":"noindex","follow":"follow","max-snippet":"max-snippet:-1","max-image-preview":"max-image-preview:large","max-video-preview":"max-video-preview:-1"},"og_locale":"es_ES","og_type":"article","og_title":"Libros - AHF Noticias","og_description":"LOS PRESIDENTES, GOBERNANTES Y MANDAMASES DE COLOMBIA &nbsp; \u00abCuriosidades, intimidades y an\u00e9cdotas desde los caciques y Bol\u00edvar hasta Uribe, Santos y Duque\u00bb \u00a1El primer inventario, actualizado, de los gobernantes del pa\u00eds! Si usted quiere saber, recordar o repasar an\u00e9cdotas, curiosidades y hasta intimidades de los gobernantes de Colombia a lo largo de los \u00faltimos 568 [&hellip;]","og_url":"https:\/\/ahfnoticias.com\/?page_id=1006","og_site_name":"AHF Noticias","article_modified_time":"2021-06-29T19:14:43+00:00","og_image":[{"url":"https:\/\/ahfnoticias.com\/wp-content\/uploads\/2020\/12\/smartmockups_kilq29zq.png","type":"","width":"","height":""}],"twitter_card":"summary_large_image","twitter_misc":{"Tiempo de lectura":"2 minutos"},"schema":{"@context":"https:\/\/schema.org","@graph":[{"@type":"WebPage","@id":"https:\/\/ahfnoticias.com\/?page_id=1006","url":"https:\/\/ahfnoticias.com\/?page_id=1006","name":"Libros - AHF Noticias","isPartOf":{"@id":"https:\/\/ahfnoticias.com\/#website"},"primaryImageOfPage":{"@id":"https:\/\/ahfnoticias.com\/?page_id=1006#primaryimage"},"image":{"@id":"https:\/\/ahfnoticias.com\/?page_id=1006#primaryimage"},"thumbnailUrl":"https:\/\/ahfnoticias.com\/wp-content\/uploads\/2020\/12\/smartmockups_kilq29zq.png","datePublished":"2019-05-13T20:23:32+00:00","dateModified":"2021-06-29T19:14:43+00:00","breadcrumb":{"@id":"https:\/\/ahfnoticias.com\/?page_id=1006#breadcrumb"},"inLanguage":"es","potentialAction":[{"@type":"ReadAction","target":["https:\/\/ahfnoticias.com\/?page_id=1006"]}]},{"@type":"ImageObject","inLanguage":"es","@id":"https:\/\/ahfnoticias.com\/?page_id=1006#primaryimage","url":"https:\/\/ahfnoticias.com\/wp-content\/uploads\/2020\/12\/smartmockups_kilq29zq.png","contentUrl":"https:\/\/ahfnoticias.com\/wp-content\/uploads\/2020\/12\/smartmockups_kilq29zq.png","width":871,"height":880},{"@type":"BreadcrumbList","@id":"https:\/\/ahfnoticias.com\/?page_id=1006#breadcrumb","itemListElement":[{"@type":"ListItem","position":1,"name":"Portada","item":"https:\/\/ahfnoticias.com\/"},{"@type":"ListItem","position":2,"name":"Libros"}]},{"@type":"WebSite","@id":"https:\/\/ahfnoticias.com\/#website","url":"https:\/\/ahfnoticias.com\/","name":"AHF Noticias","description":"","potentialAction":[{"@type":"SearchAction","target":{"@type":"EntryPoint","urlTemplate":"https:\/\/ahfnoticias.com\/?s={search_term_string}"},"query-input":{"@type":"PropertyValueSpecification","valueRequired":true,"valueName":"search_term_string"}}],"inLanguage":"es"}]}},"_links":{"self":[{"href":"https:\/\/ahfnoticias.com\/index.php?rest_route=\/wp\/v2\/pages\/1006","targetHints":{"allow":["GET"]}}],"collection":[{"href":"https:\/\/ahfnoticias.com\/index.php?rest_route=\/wp\/v2\/pages"}],"about":[{"href":"https:\/\/ahfnoticias.com\/index.php?rest_route=\/wp\/v2\/types\/page"}],"author":[{"embeddable":true,"href":"https:\/\/ahfnoticias.com\/index.php?rest_route=\/wp\/v2\/users\/1"}],"replies":[{"embeddable":true,"href":"https:\/\/ahfnoticias.com\/index.php?rest_route=%2Fwp%2Fv2%2Fcomments&post=1006"}],"version-history":[{"count":0,"href":"https:\/\/ahfnoticias.com\/index.php?rest_route=\/wp\/v2\/pages\/1006\/revisions"}],"wp:attachment":[{"href":"https:\/\/ahfnoticias.com\/index.php?rest_route=%2Fwp%2Fv2%2Fmedia&parent=1006"}],"curies":[{"name":"wp","href":"https:\/\/api.w.org\/{rel}","templated":true}]}}