{"id":130,"date":"2016-07-01T01:49:31","date_gmt":"2016-07-01T01:49:31","guid":{"rendered":"http:\/\/ahfnoticias.com\/public_html\/?page_id=130"},"modified":"2016-08-01T19:01:50","modified_gmt":"2016-08-01T19:01:50","slug":"columnistas","status":"publish","type":"page","link":"https:\/\/ahfnoticias.com\/?page_id=130","title":{"rendered":"Columnistas"},"content":{"rendered":"<div id=\"comp-ioeprkjo\" class=\"s3\" data-reactid=\".0.$SITE_ROOT.$desktop_siteRoot.$PAGES_CONTAINER.1.1.$SITE_PAGES.$niyxs.1.$comp-ioeprkjo\">\n<h6 class=\"font_6\"><span class=\"color_25\">Por Alejandro Gaviria &#8211; ministro de protecci\u00f3n social<\/span><\/h6>\n<p><img loading=\"lazy\" decoding=\"async\" class=\"size-medium wp-image-79 alignleft\" src=\"https:\/\/ahfnoticias.com\/public_html\/wp-content\/uploads\/2016\/06\/Alejandro-Gaviria-Ministro-de-Salud-y-protecci\u00f3n-Social-300x158.jpg\" alt=\"Alejandro Gaviria- Ministro de Salud y protecci\u00f3n Social\" width=\"300\" height=\"158\" srcset=\"https:\/\/ahfnoticias.com\/wp-content\/uploads\/2016\/06\/Alejandro-Gaviria-Ministro-de-Salud-y-protecci\u00f3n-Social-300x158.jpg 300w, https:\/\/ahfnoticias.com\/wp-content\/uploads\/2016\/06\/Alejandro-Gaviria-Ministro-de-Salud-y-protecci\u00f3n-Social-768x403.jpg 768w, https:\/\/ahfnoticias.com\/wp-content\/uploads\/2016\/06\/Alejandro-Gaviria-Ministro-de-Salud-y-protecci\u00f3n-Social.jpg 800w\" sizes=\"auto, (max-width: 300px) 100vw, 300px\" \/><\/p>\n<h3 class=\"font_6\" style=\"text-align: left;\"><\/h3>\n<h3 class=\"font_6\" style=\"text-align: left;\"><\/h3>\n<h3 class=\"font_6\" style=\"text-align: left;\">Lagom<\/h3>\n<div id=\"comp-ioeq2y7u\" class=\"s3\" data-reactid=\".0.$SITE_ROOT.$desktop_siteRoot.$PAGES_CONTAINER.1.1.$SITE_PAGES.$niyxs.1.$comp-ioeq2y7u\">\n<blockquote>\n<p class=\"font_7\"><strong><span class=\"color_25\">El Estado de bienestar no es solo un acuerdo pol\u00edtico, una forma institucionalizada de la solidaridad y un contrato social intra e intergeneracional, es tambi\u00e9n una cultura, un acuerdo que va m\u00e1s all\u00e1 de las leyes y las instituciones.<\/span><\/strong><\/p>\n<\/blockquote>\n<\/div>\n<blockquote><p><!--more--><\/p><\/blockquote>\n<p class=\"font_6\">\u00a0El Estado de bienestar debe estar acompa\u00f1ado de una norma social de respeto a los recursos p\u00fablicos, de rechazo a los abusos y de conciencia colectiva sobre la necesidad de l\u00edmites razonables. Sin esa cultura, no es viable. El contrato social termina rompi\u00e9ndose.<\/p>\n<\/div>\n<div id=\"comp-ioeq2y7u\" class=\"s3\" data-reactid=\".0.$SITE_ROOT.$desktop_siteRoot.$PAGES_CONTAINER.1.1.$SITE_PAGES.$niyxs.1.$comp-ioeq2y7u\">\n<p>En los pa\u00edses n\u00f3rdicos, donde los ciudadanos no abusan de los beneficios, aportan lo que pueden y toman lo que necesitan (no m\u00e1s), el Estado de bienestar es sostenible. En muchos pa\u00edses mediterr\u00e1neos, donde los ciudadanos abusan de la solidaridad institucionalizada, aportan menos de lo que pueden y toman m\u00e1s de lo que necesitan, es inviable (ver aqu\u00ed). Uno puede decretar el Estado de bienestar. Uno puede tambi\u00e9n proclamar derechos. Pero cambiar la cultura (un imperativo) es mucho m\u00e1s dif\u00edcil.<\/p>\n<p>Hay una palabra sueca que resume bien el asunto en cuesti\u00f3n: lagom. Imagin\u00e9monos a 30 personas sentadas en un gran c\u00edrculo, descansando despu\u00e9s de un d\u00eda arduo, de una batalla o una empresa colectiva. Uno de ellos pone a circular (literalmente) una vasija con agua. Cada persona\u00a0 bebe un sorbo y le pasa la vasija a su compa\u00f1ero de la derecha. La vasija da la vuelta, recorre todo el c\u00edrculo y el \u00faltimo bebe tanto como el primero. Lagom significa eso, una conciencia colectiva sobre las necesidades de los otros, una moderaci\u00f3n de los apetitos propios y un respeto a los de los dem\u00e1s.<\/p>\n<p>En los debates en Colombia sobre el sistema de salud, resulta evidente que estamos lejos de esa cultura, que no somos conscientes de los l\u00edmites y que el derecho fundamental a la salud se ha concebido de manera individual, no colectiva. Buena parte de nuestros problemas vienen de all\u00ed: muchos tomamos m\u00e1s de lo que nos corresponde y el agua, por supuesto, se agota antes, mucho antes de llegar al final.<\/p>\n<h5 class=\"font_6\"><span class=\"color_25\">Por Alejandro Gaviria &#8211; ministro de protecci\u00f3n social<\/span><\/h5>\n<\/div>\n","protected":false},"excerpt":{"rendered":"<p>Por Alejandro Gaviria &#8211; ministro de protecci\u00f3n social Lagom El Estado de bienestar no es solo un acuerdo pol\u00edtico, una forma institucionalizada de la solidaridad y un contrato social intra e intergeneracional, es tambi\u00e9n una cultura, un acuerdo que va m\u00e1s all\u00e1 de las leyes y las instituciones.<\/p>\n","protected":false},"author":6,"featured_media":0,"parent":127,"menu_order":0,"comment_status":"closed","ping_status":"closed","template":"","meta":{"footnotes":""},"class_list":["post-130","page","type-page","status-publish","hentry"],"yoast_head":"<!-- This site is optimized with the Yoast SEO plugin v27.1.1 - https:\/\/yoast.com\/product\/yoast-seo-wordpress\/ -->\n<title>Columnistas - AHF Noticias<\/title>\n<meta name=\"robots\" content=\"noindex, follow, max-snippet:-1, max-image-preview:large, max-video-preview:-1\" \/>\n<meta property=\"og:locale\" content=\"es_ES\" \/>\n<meta property=\"og:type\" content=\"article\" \/>\n<meta property=\"og:title\" content=\"Columnistas - AHF Noticias\" \/>\n<meta property=\"og:description\" content=\"Por Alejandro Gaviria &#8211; ministro de protecci\u00f3n social Lagom El Estado de bienestar no es solo un acuerdo pol\u00edtico, una forma institucionalizada de la solidaridad y un contrato social intra e intergeneracional, es tambi\u00e9n una cultura, un acuerdo que va m\u00e1s all\u00e1 de las leyes y las instituciones.\" \/>\n<meta property=\"og:url\" content=\"https:\/\/ahfnoticias.com\/?page_id=130\" \/>\n<meta property=\"og:site_name\" content=\"AHF Noticias\" \/>\n<meta property=\"article:modified_time\" content=\"2016-08-01T19:01:50+00:00\" \/>\n<meta name=\"twitter:card\" content=\"summary_large_image\" \/>\n<meta name=\"twitter:label1\" content=\"Tiempo de lectura\" \/>\n\t<meta name=\"twitter:data1\" content=\"2 minutos\" \/>\n<script type=\"application\/ld+json\" class=\"yoast-schema-graph\">{\"@context\":\"https:\/\/schema.org\",\"@graph\":[{\"@type\":\"WebPage\",\"@id\":\"https:\/\/ahfnoticias.com\/?page_id=130\",\"url\":\"https:\/\/ahfnoticias.com\/?page_id=130\",\"name\":\"Columnistas - AHF Noticias\",\"isPartOf\":{\"@id\":\"https:\/\/ahfnoticias.com\/#website\"},\"datePublished\":\"2016-07-01T01:49:31+00:00\",\"dateModified\":\"2016-08-01T19:01:50+00:00\",\"breadcrumb\":{\"@id\":\"https:\/\/ahfnoticias.com\/?page_id=130#breadcrumb\"},\"inLanguage\":\"es\",\"potentialAction\":[{\"@type\":\"ReadAction\",\"target\":[\"https:\/\/ahfnoticias.com\/?page_id=130\"]}]},{\"@type\":\"BreadcrumbList\",\"@id\":\"https:\/\/ahfnoticias.com\/?page_id=130#breadcrumb\",\"itemListElement\":[{\"@type\":\"ListItem\",\"position\":1,\"name\":\"Portada\",\"item\":\"https:\/\/ahfnoticias.com\/\"},{\"@type\":\"ListItem\",\"position\":2,\"name\":\"Opinion\",\"item\":\"https:\/\/ahfnoticias.com\/?page_id=127\"},{\"@type\":\"ListItem\",\"position\":3,\"name\":\"Columnistas\"}]},{\"@type\":\"WebSite\",\"@id\":\"https:\/\/ahfnoticias.com\/#website\",\"url\":\"https:\/\/ahfnoticias.com\/\",\"name\":\"AHF Noticias\",\"description\":\"\",\"potentialAction\":[{\"@type\":\"SearchAction\",\"target\":{\"@type\":\"EntryPoint\",\"urlTemplate\":\"https:\/\/ahfnoticias.com\/?s={search_term_string}\"},\"query-input\":{\"@type\":\"PropertyValueSpecification\",\"valueRequired\":true,\"valueName\":\"search_term_string\"}}],\"inLanguage\":\"es\"}]}<\/script>\n<!-- \/ Yoast SEO plugin. -->","yoast_head_json":{"title":"Columnistas - AHF Noticias","robots":{"index":"noindex","follow":"follow","max-snippet":"max-snippet:-1","max-image-preview":"max-image-preview:large","max-video-preview":"max-video-preview:-1"},"og_locale":"es_ES","og_type":"article","og_title":"Columnistas - AHF Noticias","og_description":"Por Alejandro Gaviria &#8211; ministro de protecci\u00f3n social Lagom El Estado de bienestar no es solo un acuerdo pol\u00edtico, una forma institucionalizada de la solidaridad y un contrato social intra e intergeneracional, es tambi\u00e9n una cultura, un acuerdo que va m\u00e1s all\u00e1 de las leyes y las instituciones.","og_url":"https:\/\/ahfnoticias.com\/?page_id=130","og_site_name":"AHF Noticias","article_modified_time":"2016-08-01T19:01:50+00:00","twitter_card":"summary_large_image","twitter_misc":{"Tiempo de lectura":"2 minutos"},"schema":{"@context":"https:\/\/schema.org","@graph":[{"@type":"WebPage","@id":"https:\/\/ahfnoticias.com\/?page_id=130","url":"https:\/\/ahfnoticias.com\/?page_id=130","name":"Columnistas - AHF Noticias","isPartOf":{"@id":"https:\/\/ahfnoticias.com\/#website"},"datePublished":"2016-07-01T01:49:31+00:00","dateModified":"2016-08-01T19:01:50+00:00","breadcrumb":{"@id":"https:\/\/ahfnoticias.com\/?page_id=130#breadcrumb"},"inLanguage":"es","potentialAction":[{"@type":"ReadAction","target":["https:\/\/ahfnoticias.com\/?page_id=130"]}]},{"@type":"BreadcrumbList","@id":"https:\/\/ahfnoticias.com\/?page_id=130#breadcrumb","itemListElement":[{"@type":"ListItem","position":1,"name":"Portada","item":"https:\/\/ahfnoticias.com\/"},{"@type":"ListItem","position":2,"name":"Opinion","item":"https:\/\/ahfnoticias.com\/?page_id=127"},{"@type":"ListItem","position":3,"name":"Columnistas"}]},{"@type":"WebSite","@id":"https:\/\/ahfnoticias.com\/#website","url":"https:\/\/ahfnoticias.com\/","name":"AHF Noticias","description":"","potentialAction":[{"@type":"SearchAction","target":{"@type":"EntryPoint","urlTemplate":"https:\/\/ahfnoticias.com\/?s={search_term_string}"},"query-input":{"@type":"PropertyValueSpecification","valueRequired":true,"valueName":"search_term_string"}}],"inLanguage":"es"}]}},"_links":{"self":[{"href":"https:\/\/ahfnoticias.com\/index.php?rest_route=\/wp\/v2\/pages\/130","targetHints":{"allow":["GET"]}}],"collection":[{"href":"https:\/\/ahfnoticias.com\/index.php?rest_route=\/wp\/v2\/pages"}],"about":[{"href":"https:\/\/ahfnoticias.com\/index.php?rest_route=\/wp\/v2\/types\/page"}],"author":[{"embeddable":true,"href":"https:\/\/ahfnoticias.com\/index.php?rest_route=\/wp\/v2\/users\/6"}],"replies":[{"embeddable":true,"href":"https:\/\/ahfnoticias.com\/index.php?rest_route=%2Fwp%2Fv2%2Fcomments&post=130"}],"version-history":[{"count":0,"href":"https:\/\/ahfnoticias.com\/index.php?rest_route=\/wp\/v2\/pages\/130\/revisions"}],"up":[{"embeddable":true,"href":"https:\/\/ahfnoticias.com\/index.php?rest_route=\/wp\/v2\/pages\/127"}],"wp:attachment":[{"href":"https:\/\/ahfnoticias.com\/index.php?rest_route=%2Fwp%2Fv2%2Fmedia&parent=130"}],"curies":[{"name":"wp","href":"https:\/\/api.w.org\/{rel}","templated":true}]}}