{"id":16,"date":"2016-06-27T01:49:24","date_gmt":"2016-06-27T01:49:24","guid":{"rendered":"http:\/\/ahfnoticias.com\/public_html\/?page_id=16"},"modified":"2016-07-26T16:30:50","modified_gmt":"2016-07-26T16:30:50","slug":"quienes-somos","status":"publish","type":"page","link":"https:\/\/ahfnoticias.com\/?page_id=16","title":{"rendered":"\u00bfQui\u00e9nes Somos?"},"content":{"rendered":"<p style=\"text-align: justify;\">Un grupo de periodistas y comunicadores que trabajan para la divulgaci\u00f3n de temas de inter\u00e9s general utilizando, principalmente, medios digitales y redes sociales.<\/p>\n","protected":false},"excerpt":{"rendered":"<p>Un grupo de periodistas y comunicadores que trabajan para la divulgaci\u00f3n de temas de inter\u00e9s general utilizando, principalmente, medios digitales y redes sociales.<\/p>\n","protected":false},"author":6,"featured_media":0,"parent":0,"menu_order":0,"comment_status":"closed","ping_status":"closed","template":"","meta":{"footnotes":""},"class_list":["post-16","page","type-page","status-publish","hentry"],"yoast_head":"<!-- This site is optimized with the Yoast SEO plugin v27.1.1 - https:\/\/yoast.com\/product\/yoast-seo-wordpress\/ -->\n<title>\u00bfQui\u00e9nes Somos? - AHF Noticias<\/title>\n<meta name=\"robots\" content=\"noindex, follow, max-snippet:-1, max-image-preview:large, max-video-preview:-1\" \/>\n<meta property=\"og:locale\" content=\"es_ES\" \/>\n<meta property=\"og:type\" content=\"article\" \/>\n<meta property=\"og:title\" content=\"\u00bfQui\u00e9nes Somos? - AHF Noticias\" \/>\n<meta property=\"og:description\" content=\"Un grupo de periodistas y comunicadores que trabajan para la divulgaci\u00f3n de temas de inter\u00e9s general utilizando, principalmente, medios digitales y redes sociales.\" \/>\n<meta property=\"og:url\" content=\"https:\/\/ahfnoticias.com\/?page_id=16\" \/>\n<meta property=\"og:site_name\" content=\"AHF Noticias\" \/>\n<meta property=\"article:modified_time\" content=\"2016-07-26T16:30:50+00:00\" \/>\n<meta name=\"twitter:card\" content=\"summary_large_image\" \/>\n<script type=\"application\/ld+json\" class=\"yoast-schema-graph\">{\"@context\":\"https:\/\/schema.org\",\"@graph\":[{\"@type\":\"WebPage\",\"@id\":\"https:\/\/ahfnoticias.com\/?page_id=16\",\"url\":\"https:\/\/ahfnoticias.com\/?page_id=16\",\"name\":\"\u00bfQui\u00e9nes Somos? - AHF Noticias\",\"isPartOf\":{\"@id\":\"https:\/\/ahfnoticias.com\/#website\"},\"datePublished\":\"2016-06-27T01:49:24+00:00\",\"dateModified\":\"2016-07-26T16:30:50+00:00\",\"breadcrumb\":{\"@id\":\"https:\/\/ahfnoticias.com\/?page_id=16#breadcrumb\"},\"inLanguage\":\"es\",\"potentialAction\":[{\"@type\":\"ReadAction\",\"target\":[\"https:\/\/ahfnoticias.com\/?page_id=16\"]}]},{\"@type\":\"BreadcrumbList\",\"@id\":\"https:\/\/ahfnoticias.com\/?page_id=16#breadcrumb\",\"itemListElement\":[{\"@type\":\"ListItem\",\"position\":1,\"name\":\"Portada\",\"item\":\"https:\/\/ahfnoticias.com\/\"},{\"@type\":\"ListItem\",\"position\":2,\"name\":\"\u00bfQui\u00e9nes Somos?\"}]},{\"@type\":\"WebSite\",\"@id\":\"https:\/\/ahfnoticias.com\/#website\",\"url\":\"https:\/\/ahfnoticias.com\/\",\"name\":\"AHF Noticias\",\"description\":\"\",\"potentialAction\":[{\"@type\":\"SearchAction\",\"target\":{\"@type\":\"EntryPoint\",\"urlTemplate\":\"https:\/\/ahfnoticias.com\/?s={search_term_string}\"},\"query-input\":{\"@type\":\"PropertyValueSpecification\",\"valueRequired\":true,\"valueName\":\"search_term_string\"}}],\"inLanguage\":\"es\"}]}<\/script>\n<!-- \/ Yoast SEO plugin. -->","yoast_head_json":{"title":"\u00bfQui\u00e9nes Somos? - AHF Noticias","robots":{"index":"noindex","follow":"follow","max-snippet":"max-snippet:-1","max-image-preview":"max-image-preview:large","max-video-preview":"max-video-preview:-1"},"og_locale":"es_ES","og_type":"article","og_title":"\u00bfQui\u00e9nes Somos? - AHF Noticias","og_description":"Un grupo de periodistas y comunicadores que trabajan para la divulgaci\u00f3n de temas de inter\u00e9s general utilizando, principalmente, medios digitales y redes sociales.","og_url":"https:\/\/ahfnoticias.com\/?page_id=16","og_site_name":"AHF Noticias","article_modified_time":"2016-07-26T16:30:50+00:00","twitter_card":"summary_large_image","schema":{"@context":"https:\/\/schema.org","@graph":[{"@type":"WebPage","@id":"https:\/\/ahfnoticias.com\/?page_id=16","url":"https:\/\/ahfnoticias.com\/?page_id=16","name":"\u00bfQui\u00e9nes Somos? - AHF Noticias","isPartOf":{"@id":"https:\/\/ahfnoticias.com\/#website"},"datePublished":"2016-06-27T01:49:24+00:00","dateModified":"2016-07-26T16:30:50+00:00","breadcrumb":{"@id":"https:\/\/ahfnoticias.com\/?page_id=16#breadcrumb"},"inLanguage":"es","potentialAction":[{"@type":"ReadAction","target":["https:\/\/ahfnoticias.com\/?page_id=16"]}]},{"@type":"BreadcrumbList","@id":"https:\/\/ahfnoticias.com\/?page_id=16#breadcrumb","itemListElement":[{"@type":"ListItem","position":1,"name":"Portada","item":"https:\/\/ahfnoticias.com\/"},{"@type":"ListItem","position":2,"name":"\u00bfQui\u00e9nes Somos?"}]},{"@type":"WebSite","@id":"https:\/\/ahfnoticias.com\/#website","url":"https:\/\/ahfnoticias.com\/","name":"AHF Noticias","description":"","potentialAction":[{"@type":"SearchAction","target":{"@type":"EntryPoint","urlTemplate":"https:\/\/ahfnoticias.com\/?s={search_term_string}"},"query-input":{"@type":"PropertyValueSpecification","valueRequired":true,"valueName":"search_term_string"}}],"inLanguage":"es"}]}},"_links":{"self":[{"href":"https:\/\/ahfnoticias.com\/index.php?rest_route=\/wp\/v2\/pages\/16","targetHints":{"allow":["GET"]}}],"collection":[{"href":"https:\/\/ahfnoticias.com\/index.php?rest_route=\/wp\/v2\/pages"}],"about":[{"href":"https:\/\/ahfnoticias.com\/index.php?rest_route=\/wp\/v2\/types\/page"}],"author":[{"embeddable":true,"href":"https:\/\/ahfnoticias.com\/index.php?rest_route=\/wp\/v2\/users\/6"}],"replies":[{"embeddable":true,"href":"https:\/\/ahfnoticias.com\/index.php?rest_route=%2Fwp%2Fv2%2Fcomments&post=16"}],"version-history":[{"count":0,"href":"https:\/\/ahfnoticias.com\/index.php?rest_route=\/wp\/v2\/pages\/16\/revisions"}],"wp:attachment":[{"href":"https:\/\/ahfnoticias.com\/index.php?rest_route=%2Fwp%2Fv2%2Fmedia&parent=16"}],"curies":[{"name":"wp","href":"https:\/\/api.w.org\/{rel}","templated":true}]}}