{"id":24,"date":"2016-06-27T02:11:36","date_gmt":"2016-06-27T02:11:36","guid":{"rendered":"http:\/\/ahfnoticias.com\/public_html\/?page_id=24"},"modified":"2019-05-14T20:20:11","modified_gmt":"2019-05-14T20:20:11","slug":"24-2","status":"publish","type":"page","link":"https:\/\/ahfnoticias.com\/?page_id=24","title":{"rendered":"Director"},"content":{"rendered":"<h2 class=\"font_2\">Am\u00edlkar Hern\u00e1ndez<\/h2>\n<p>&nbsp;<\/p>\n<p class=\"font_8\"><img loading=\"lazy\" decoding=\"async\" class=\"alignright size-full wp-image-25\" src=\"https:\/\/ahfnoticias.com\/wp-content\/uploads\/2016\/06\/8b1b7e_b13611f2330d4359b85fbff6b88460ff.png\" alt=\"8b1b7e_b13611f2330d4359b85fbff6b88460ff\" width=\"170\" height=\"227\" \/><em><strong>Periodista, catedr\u00e1tico y conferencista.<\/strong><\/em><\/p>\n<p>Re\u00fane m\u00e1s de 35 a\u00f1os de ejercicio profesional. Estudi\u00f3 periodismo en la Universidad de Am\u00e9rica y tiene especializaciones en Periodismo Econ\u00f3mico de la Universidad de La Sabana y Seguridad Social y Empleo de la Universidad Externado de Colombia. Particip\u00f3 en Estados Unidos en el programa de Libre Acceso a la Informaci\u00f3n con enfoque en los medios electr\u00f3nicos.<\/p>\n<p>Comenz\u00f3 en el diario <strong><em>El Siglo<\/em><\/strong>, en el que lleg\u00f3 a ser jefe de redacci\u00f3n. Luego ingres\u00f3 a la televisi\u00f3n, donde hizo reporter\u00eda y dirigi\u00f3 noticieros como <strong><em>Cinevisi\u00f3n<\/em><\/strong> y <strong><em>Notiocho<\/em><\/strong>. Fue editor de <strong><em>Noticias Uno<\/em><\/strong> y <strong><em>Noticiero de las Siete<\/em><\/strong>. Tambi\u00e9n se desempe\u00f1\u00f3 como subeditor econ\u00f3mico y pol\u00edtico del diario <strong><em>El Tiempo<\/em><\/strong>. Director y asesor de comunicaciones y relaciones corporativas de varias entidades p\u00fablicas y privadas (ISS y Coomeva, entre otras), Catedr\u00e1tico de las universidades La Sabana, Central, Los Libertadores, Santo Tom\u00e1s y Externado de Colombia. Ganador del Premio Nacional de Periodismo Sim\u00f3n Bol\u00edvar y de los premios Colseguros y Fasecolda al Periodismo de Seguros.<\/p>\n<p>Nominado a los premios de\u00a0 periodismo CPB y Rey de Espa\u00f1a. Actualmente escribe para el diario <strong><em>El Tiempo<\/em><\/strong>, la revista <strong><em>Credencial<\/em><\/strong>, el portal www.ahfnoticias.com y @AmilkarHF. Tiene la direcci\u00f3n de la Corporaci\u00f3n Educativa Futuro, donde se adelantan consultor\u00edas y programas de comunicaci\u00f3n corporativa, manejo de medios, crisis y reputaci\u00f3n. Est\u00e1 casado con Isabel Cristina Gonz\u00e1lez con quien tiene tres hijos: Gabriel, Daniel Am\u00edlkar y Esteban.<\/p>\n<p class=\"font_8\">\n","protected":false},"excerpt":{"rendered":"<p>Am\u00edlkar Hern\u00e1ndez &nbsp; Periodista, catedr\u00e1tico y conferencista. Re\u00fane m\u00e1s de 35 a\u00f1os de ejercicio profesional. Estudi\u00f3 periodismo en la Universidad de Am\u00e9rica y tiene especializaciones en Periodismo Econ\u00f3mico de la Universidad de La Sabana y Seguridad Social y Empleo de la Universidad Externado de Colombia. Particip\u00f3 en Estados Unidos en el programa de Libre Acceso [&hellip;]<\/p>\n","protected":false},"author":6,"featured_media":0,"parent":16,"menu_order":0,"comment_status":"closed","ping_status":"closed","template":"template-nosidebar.php","meta":{"footnotes":""},"class_list":["post-24","page","type-page","status-publish","hentry"],"yoast_head":"<!-- This site is optimized with the Yoast SEO plugin v27.1.1 - https:\/\/yoast.com\/product\/yoast-seo-wordpress\/ -->\n<title>Director - AHF Noticias<\/title>\n<meta name=\"robots\" content=\"noindex, follow, max-snippet:-1, max-image-preview:large, max-video-preview:-1\" \/>\n<meta property=\"og:locale\" content=\"es_ES\" \/>\n<meta property=\"og:type\" content=\"article\" \/>\n<meta property=\"og:title\" content=\"Director - AHF Noticias\" \/>\n<meta property=\"og:description\" content=\"Am\u00edlkar Hern\u00e1ndez &nbsp; Periodista, catedr\u00e1tico y conferencista. Re\u00fane m\u00e1s de 35 a\u00f1os de ejercicio profesional. Estudi\u00f3 periodismo en la Universidad de Am\u00e9rica y tiene especializaciones en Periodismo Econ\u00f3mico de la Universidad de La Sabana y Seguridad Social y Empleo de la Universidad Externado de Colombia. Particip\u00f3 en Estados Unidos en el programa de Libre Acceso [&hellip;]\" \/>\n<meta property=\"og:url\" content=\"https:\/\/ahfnoticias.com\/?page_id=24\" \/>\n<meta property=\"og:site_name\" content=\"AHF Noticias\" \/>\n<meta property=\"article:modified_time\" content=\"2019-05-14T20:20:11+00:00\" \/>\n<meta property=\"og:image\" content=\"https:\/\/ahfnoticias.com\/wp-content\/uploads\/2016\/06\/8b1b7e_b13611f2330d4359b85fbff6b88460ff.png\" \/>\n<meta name=\"twitter:card\" content=\"summary_large_image\" \/>\n<meta name=\"twitter:label1\" content=\"Tiempo de lectura\" \/>\n\t<meta name=\"twitter:data1\" content=\"1 minuto\" \/>\n<script type=\"application\/ld+json\" class=\"yoast-schema-graph\">{\"@context\":\"https:\/\/schema.org\",\"@graph\":[{\"@type\":\"WebPage\",\"@id\":\"https:\/\/ahfnoticias.com\/?page_id=24\",\"url\":\"https:\/\/ahfnoticias.com\/?page_id=24\",\"name\":\"Director - AHF Noticias\",\"isPartOf\":{\"@id\":\"https:\/\/ahfnoticias.com\/#website\"},\"primaryImageOfPage\":{\"@id\":\"https:\/\/ahfnoticias.com\/?page_id=24#primaryimage\"},\"image\":{\"@id\":\"https:\/\/ahfnoticias.com\/?page_id=24#primaryimage\"},\"thumbnailUrl\":\"https:\/\/ahfnoticias.com\/wp-content\/uploads\/2016\/06\/8b1b7e_b13611f2330d4359b85fbff6b88460ff.png\",\"datePublished\":\"2016-06-27T02:11:36+00:00\",\"dateModified\":\"2019-05-14T20:20:11+00:00\",\"breadcrumb\":{\"@id\":\"https:\/\/ahfnoticias.com\/?page_id=24#breadcrumb\"},\"inLanguage\":\"es\",\"potentialAction\":[{\"@type\":\"ReadAction\",\"target\":[\"https:\/\/ahfnoticias.com\/?page_id=24\"]}]},{\"@type\":\"ImageObject\",\"inLanguage\":\"es\",\"@id\":\"https:\/\/ahfnoticias.com\/?page_id=24#primaryimage\",\"url\":\"https:\/\/ahfnoticias.com\/wp-content\/uploads\/2016\/06\/8b1b7e_b13611f2330d4359b85fbff6b88460ff.png\",\"contentUrl\":\"https:\/\/ahfnoticias.com\/wp-content\/uploads\/2016\/06\/8b1b7e_b13611f2330d4359b85fbff6b88460ff.png\",\"width\":170,\"height\":227},{\"@type\":\"BreadcrumbList\",\"@id\":\"https:\/\/ahfnoticias.com\/?page_id=24#breadcrumb\",\"itemListElement\":[{\"@type\":\"ListItem\",\"position\":1,\"name\":\"Portada\",\"item\":\"https:\/\/ahfnoticias.com\/\"},{\"@type\":\"ListItem\",\"position\":2,\"name\":\"\u00bfQui\u00e9nes Somos?\",\"item\":\"https:\/\/ahfnoticias.com\/?page_id=16\"},{\"@type\":\"ListItem\",\"position\":3,\"name\":\"Director\"}]},{\"@type\":\"WebSite\",\"@id\":\"https:\/\/ahfnoticias.com\/#website\",\"url\":\"https:\/\/ahfnoticias.com\/\",\"name\":\"AHF Noticias\",\"description\":\"\",\"potentialAction\":[{\"@type\":\"SearchAction\",\"target\":{\"@type\":\"EntryPoint\",\"urlTemplate\":\"https:\/\/ahfnoticias.com\/?s={search_term_string}\"},\"query-input\":{\"@type\":\"PropertyValueSpecification\",\"valueRequired\":true,\"valueName\":\"search_term_string\"}}],\"inLanguage\":\"es\"}]}<\/script>\n<!-- \/ Yoast SEO plugin. -->","yoast_head_json":{"title":"Director - AHF Noticias","robots":{"index":"noindex","follow":"follow","max-snippet":"max-snippet:-1","max-image-preview":"max-image-preview:large","max-video-preview":"max-video-preview:-1"},"og_locale":"es_ES","og_type":"article","og_title":"Director - AHF Noticias","og_description":"Am\u00edlkar Hern\u00e1ndez &nbsp; Periodista, catedr\u00e1tico y conferencista. Re\u00fane m\u00e1s de 35 a\u00f1os de ejercicio profesional. Estudi\u00f3 periodismo en la Universidad de Am\u00e9rica y tiene especializaciones en Periodismo Econ\u00f3mico de la Universidad de La Sabana y Seguridad Social y Empleo de la Universidad Externado de Colombia. Particip\u00f3 en Estados Unidos en el programa de Libre Acceso [&hellip;]","og_url":"https:\/\/ahfnoticias.com\/?page_id=24","og_site_name":"AHF Noticias","article_modified_time":"2019-05-14T20:20:11+00:00","og_image":[{"url":"https:\/\/ahfnoticias.com\/wp-content\/uploads\/2016\/06\/8b1b7e_b13611f2330d4359b85fbff6b88460ff.png","type":"","width":"","height":""}],"twitter_card":"summary_large_image","twitter_misc":{"Tiempo de lectura":"1 minuto"},"schema":{"@context":"https:\/\/schema.org","@graph":[{"@type":"WebPage","@id":"https:\/\/ahfnoticias.com\/?page_id=24","url":"https:\/\/ahfnoticias.com\/?page_id=24","name":"Director - AHF Noticias","isPartOf":{"@id":"https:\/\/ahfnoticias.com\/#website"},"primaryImageOfPage":{"@id":"https:\/\/ahfnoticias.com\/?page_id=24#primaryimage"},"image":{"@id":"https:\/\/ahfnoticias.com\/?page_id=24#primaryimage"},"thumbnailUrl":"https:\/\/ahfnoticias.com\/wp-content\/uploads\/2016\/06\/8b1b7e_b13611f2330d4359b85fbff6b88460ff.png","datePublished":"2016-06-27T02:11:36+00:00","dateModified":"2019-05-14T20:20:11+00:00","breadcrumb":{"@id":"https:\/\/ahfnoticias.com\/?page_id=24#breadcrumb"},"inLanguage":"es","potentialAction":[{"@type":"ReadAction","target":["https:\/\/ahfnoticias.com\/?page_id=24"]}]},{"@type":"ImageObject","inLanguage":"es","@id":"https:\/\/ahfnoticias.com\/?page_id=24#primaryimage","url":"https:\/\/ahfnoticias.com\/wp-content\/uploads\/2016\/06\/8b1b7e_b13611f2330d4359b85fbff6b88460ff.png","contentUrl":"https:\/\/ahfnoticias.com\/wp-content\/uploads\/2016\/06\/8b1b7e_b13611f2330d4359b85fbff6b88460ff.png","width":170,"height":227},{"@type":"BreadcrumbList","@id":"https:\/\/ahfnoticias.com\/?page_id=24#breadcrumb","itemListElement":[{"@type":"ListItem","position":1,"name":"Portada","item":"https:\/\/ahfnoticias.com\/"},{"@type":"ListItem","position":2,"name":"\u00bfQui\u00e9nes Somos?","item":"https:\/\/ahfnoticias.com\/?page_id=16"},{"@type":"ListItem","position":3,"name":"Director"}]},{"@type":"WebSite","@id":"https:\/\/ahfnoticias.com\/#website","url":"https:\/\/ahfnoticias.com\/","name":"AHF Noticias","description":"","potentialAction":[{"@type":"SearchAction","target":{"@type":"EntryPoint","urlTemplate":"https:\/\/ahfnoticias.com\/?s={search_term_string}"},"query-input":{"@type":"PropertyValueSpecification","valueRequired":true,"valueName":"search_term_string"}}],"inLanguage":"es"}]}},"_links":{"self":[{"href":"https:\/\/ahfnoticias.com\/index.php?rest_route=\/wp\/v2\/pages\/24","targetHints":{"allow":["GET"]}}],"collection":[{"href":"https:\/\/ahfnoticias.com\/index.php?rest_route=\/wp\/v2\/pages"}],"about":[{"href":"https:\/\/ahfnoticias.com\/index.php?rest_route=\/wp\/v2\/types\/page"}],"author":[{"embeddable":true,"href":"https:\/\/ahfnoticias.com\/index.php?rest_route=\/wp\/v2\/users\/6"}],"replies":[{"embeddable":true,"href":"https:\/\/ahfnoticias.com\/index.php?rest_route=%2Fwp%2Fv2%2Fcomments&post=24"}],"version-history":[{"count":0,"href":"https:\/\/ahfnoticias.com\/index.php?rest_route=\/wp\/v2\/pages\/24\/revisions"}],"up":[{"embeddable":true,"href":"https:\/\/ahfnoticias.com\/index.php?rest_route=\/wp\/v2\/pages\/16"}],"wp:attachment":[{"href":"https:\/\/ahfnoticias.com\/index.php?rest_route=%2Fwp%2Fv2%2Fmedia&parent=24"}],"curies":[{"name":"wp","href":"https:\/\/api.w.org\/{rel}","templated":true}]}}